{"id":20,"date":"2012-10-13T14:19:12","date_gmt":"2012-10-13T12:19:12","guid":{"rendered":"http:\/\/livingpower.info\/?page_id=20"},"modified":"2024-10-15T12:29:15","modified_gmt":"2024-10-15T10:29:15","slug":"valkommen","status":"publish","type":"page","link":"https:\/\/livingpower.info\/","title":{"rendered":"V\u00c4LKOMMEN"},"content":{"rendered":"<p><img decoding=\"async\" src=\"https:\/\/livingpower.info\/wp-content\/uploads\/2012\/10\/87651_1_5.gif\" alt=\"\" \/><\/p>\n<p>V\u00c4LKOMMEN till LIVING POWER &#8211; Kul att du har hittat hit &lt;3<\/p>\n<p>Jag har specialiserat mej p\u00e5 att hj\u00e4lpa m\u00e4nniskor hitta balansen i livet f\u00f6r kropp och sj\u00e4l genom\u00a0att motivera m\u00e4nniskor att \u00f6ka sin kunskap om kroppen, omgivningen samt meningen med livet, f\u00f6r att p\u00e5verka f\u00f6ruts\u00e4ttningarna till ett balanserat liv med optimal h\u00e4lsa och livskvalit\u00e9.<\/p>\n<p>Att g\u00f6ra m\u00e4nniskor medvetna om STYRKAN, KRAFTEN &amp; M\u00d6JLIGHETERNA vi alla besitter f\u00f6r att m\u00e5 bra. V\u00e5rt m\u00e5l \u00e4r att m\u00f6ta m\u00e4nniskor d\u00e4r de \u00e4r och tillsammans hj\u00e4lpas \u00e5t att f\u00f6rb\u00e4ttra f\u00f6ruts\u00e4ttningarna f\u00f6r ett liv med 100% livskvalite.<\/p>\n<p>H\u00e4r kan du f\u00e5<\/p>\n<ul type=\"disc\">\n<li>Konsultation\/r\u00e5dgivningssamtal<\/li>\n<li>LEVANDE BLODANALYS, IRISDIAGNOSTIK &amp; pH test<\/li>\n<li>H\u00e4lsokonsultation, Kostr\u00e5dgivning, Livsstilskonsultation<\/li>\n<li>Kurser i n\u00e4ringsl\u00e4ra och matberedning, detox mm. b\u00e5de i Sverige och utomlands\u00a0 se under fliken Aktuellt<\/li>\n<li>Stresshantering \/ utbr\u00e4ndhet \/ rehabilitering<\/li>\n<li>Fysisk och mental tr\u00e4ning och h\u00e4lsa, NLP<\/li>\n<li>Personlig tr\u00e4ning<\/li>\n<li>H\u00e4lsoretreats med Rawfood, Yoga, tr\u00e4ning och vandringar<\/li>\n<li>Seminarier\/f\u00f6rel\u00e4sningar om n\u00e4ring, stress, utbr\u00e4ndhet, h\u00e4lsa, rehabilitering och mycket mer<\/li>\n<li>Familjekonsultation<\/li>\n<li>Massage och Spa behandlingar &#8211; dagar f\u00f6r \u00e5terh\u00e4mtning<\/li>\n<li>Fotv\u00e5rd\/Pedikyr<\/li>\n<li>Coachning och workshops h\u00e4lso events<\/li>\n<li>F\u00f6rs\u00e4ljning av r\u00e5varor samt litteratur<\/li>\n<li>Utrensning och Inredning f\u00f6r b\u00e5de Kropp &amp; bostad<\/li>\n<\/ul>\n<p>Allt f\u00f6r att \u00f6ka din livskvalit\u00e9.<\/p>\n<p>Vi samarbetar ocks\u00e5 med andra naturterapeuter och kroppsv\u00e5rdare, inredare, st\u00e4dare, utvecklare \u2013 you name it! Helt enkelt d\u00e4r vi kan g\u00f6ra en skillnad i ditt liv.<\/p>\n<p>Allt f\u00f6r att hj\u00e4lpa till att \u00e5terf\u00e5 och bibeh\u00e5lla balansen i livet.<\/p>\n","protected":false},"excerpt":{"rendered":"<p>V\u00c4LKOMMEN till LIVING POWER &#8211; Kul att du har hittat hit &lt;3 Jag har specialiserat mej p\u00e5 att hj\u00e4lpa m\u00e4nniskor hitta balansen i livet f\u00f6r kropp och sj\u00e4l genom\u00a0att motivera m\u00e4nniskor att \u00f6ka sin kunskap om kroppen, omgivningen samt meningen &hellip; <a href=\"https:\/\/livingpower.info\/\">Continue reading <span class=\"meta-nav\">&rarr;<\/span><\/a><\/p>\n","protected":false},"author":1,"featured_media":0,"parent":0,"menu_order":0,"comment_status":"closed","ping_status":"closed","template":"showcase.php","meta":{"footnotes":""},"class_list":["post-20","page","type-page","status-publish","hentry"],"_links":{"self":[{"href":"https:\/\/livingpower.info\/index.php?rest_route=\/wp\/v2\/pages\/20"}],"collection":[{"href":"https:\/\/livingpower.info\/index.php?rest_route=\/wp\/v2\/pages"}],"about":[{"href":"https:\/\/livingpower.info\/index.php?rest_route=\/wp\/v2\/types\/page"}],"author":[{"embeddable":true,"href":"https:\/\/livingpower.info\/index.php?rest_route=\/wp\/v2\/users\/1"}],"replies":[{"embeddable":true,"href":"https:\/\/livingpower.info\/index.php?rest_route=%2Fwp%2Fv2%2Fcomments&post=20"}],"version-history":[{"count":29,"href":"https:\/\/livingpower.info\/index.php?rest_route=\/wp\/v2\/pages\/20\/revisions"}],"predecessor-version":[{"id":789,"href":"https:\/\/livingpower.info\/index.php?rest_route=\/wp\/v2\/pages\/20\/revisions\/789"}],"wp:attachment":[{"href":"https:\/\/livingpower.info\/index.php?rest_route=%2Fwp%2Fv2%2Fmedia&parent=20"}],"curies":[{"name":"wp","href":"https:\/\/api.w.org\/{rel}","templated":true}]}}